{"id":2761,"date":"2013-06-27T06:49:21","date_gmt":"2013-06-27T06:49:21","guid":{"rendered":"http:\/\/localhost:8888\/jupiter\/?page_id=2761"},"modified":"2014-01-20T12:59:30","modified_gmt":"2014-01-20T12:59:30","slug":"about-us-3","status":"publish","type":"page","link":"https:\/\/listaappalti.com\/?page_id=2761","title":{"rendered":"Chi siamo"},"content":{"rendered":"<div class=\"wpb_row vc_row-fluid \">\n\t<div class=\"vc_span12 wpb_column column_container\">\n\t\t\t<h2 style=\"font-size: 14px;text-align:left;color: #393836;font-weight:inhert;margin-top:0px;margin-bottom:18px; \" id=\"fancy-title-753\" class=\"mk-shortcode mk-fancy-title pattern-style \"><span style=\"padding-right:8px;\">\nLa Lista Appalti S.r.l con Socio Unico\n<\/span><\/h2><div class=\"clearboth\"><\/div><div id=\"mk-text-block-291\"  style=\" margin-bottom:0px;text-align: left;\" class=\"mk-text-block  \">Da oltre 20 anni operiamo con successo nel settore delle infrastrutture stradali. Lavori stradali, gallerie, ponti, acquedotti, fognature, impianti di depurazione, consolidamento terreni sono tra le principali opere realizzate in questi anni.<div class=\"clearboth\"><\/div><\/div> \n\t<\/div><\/div><div class=\"wpb_row vc_row-fluid \">\n\t<div class=\"vc_span12 wpb_column column_container\">\n\t\t\t<div class=\"clearboth\"><\/div><div class=\"mk-shortcode mk-padding-shortcode\" style=\"height:15px\"><\/div><div class=\"clearboth\"><\/div>\n\t<\/div><\/div><div class=\"wpb_row vc_row-fluid \">\n\t<div class=\"vc_span12 wpb_column column_container\">\n\t\t\t<div data-initialIndex=\"0\" id=\"mk-accordion-666\" class=\"mk-accordion mk-shortcode accordion-action fancy-style \">\n\t\t\t\t<div class=\"mk-accordion-single\"><div class=\"mk-accordion-tab\">Un p\u00f2 di storia<\/div>\n\t\t\t\t<div class=\"mk-accordion-pane\">\n\t\t\t\t<div id=\"mk-text-block-383\"  style=\" margin-bottom:0px;text-align: left;\" class=\"mk-text-block  \">L\u2019attuale societ\u00e0 <b>LISTA APPALTI S.r.l<\/b> con Socio Unico nasce nel lontano 1968 con la costituzione di un\u2019impresa individuale da parte di Giovanni Lista, il quale, avvalendosi della collaborazione dei 4 fratelli, intraprende l\u2019attivit\u00e0 delle costruzioni nel settore delle opere pubbliche con la caratteristica della tipica impresa a conduzione familiare.<\/p>\n<p>Negli anni l\u2019impresa si specializza nella realizzazione di opere stradali, acquedotti, reti fognanti ed idrauliche su tutto il territorio nazionale.<\/p>\n<p>Nel 1975 i fratelli Lista decidono di trasferire la propria attivit\u00e0 dalla Lombardia in Basilicata, loro regione d\u2019origine dove, grazie alle capacit\u00e0 tecniche e organizzative acquisite nel tempo, l\u2019impresa riesce ad inserirsi proficuamente e con immediatezza nel tessuto produttivo del Meridione.<\/p>\n<p>Nel 1991, dopo la prematura scomparsa di Giovanni Lista, nasce la Lista srl. Il pi\u00f9 giovane dei fratelli Lista, Iginio, negli stessi anni acquista la Sas Costruzioni  e Montaggi srl, affermata impresa romana, portando  a termine tutti i lavori della societ\u00e0 con  professionalit\u00e0 e diligenza.<\/p>\n<p>Nel 1998 la Sas Costruzioni e Montaggi viene trasformata nella Lista Appalti srl.<br \/>\nLa metamorfosi aziendale viene completata nel 2001 con l\u2019incorporazione della Lista srl da parte della Lista Appalti S.r.l., con conferma della carica di Amministratore Unico e Direttore Tecnico ad Iginio Lista.<\/p>\n<p>Quest&#8217;ultimo da agosto 2013 \u00e8 unico socio della societ\u00e0.<div class=\"clearboth\"><\/div><\/div> \n\t\t\t\t<div class=\"clearboth\"><\/div><\/div><\/div>\n\t\t\t\t<div class=\"mk-accordion-single\"><div class=\"mk-accordion-tab\">Recenti sfide <\/div>\n\t\t\t\t<div class=\"mk-accordion-pane\">\n\t\t\t\t<div id=\"mk-text-block-392\"  style=\" margin-bottom:0px;text-align: left;\" class=\"mk-text-block  \">Nonostante la crisi economica mondiale e le forti difficolt\u00e0 in cui versa il settore delle costruzioni nel nostro Paese, la Lista Appalti S.r.l. ha intrapreso nel 2012 alcune scelte coraggiose, sia in Italia che all\u2019estero, che permetterebbero un significativo incremento dei volumi d\u2019affari degli esercizi successivi, generando una notevole crescita degli utili attesi e dei dividendi che si potrebbero in futuro distribuire.<\/p>\n<p>Dal 2012 in Algeria la Lista Appalti S.r.l. ed il suo amministratore fanno parte della compagine societaria di una societ\u00e0 mista italo algerina, la Cerital M\u00e9diterran\u00e9e spa, per la realizzazione di lavori infrastrutturali finanziati dal governo nazionale.<\/p>\n<p>Nel 2013 la Lista Appalti S.r.l. ha rilevato il ramo stradale ferroviario di  una delle aziende pi\u00f9 note del Sud Italia, la DEC spa di Bari.<div class=\"clearboth\"><\/div><\/div> \n\t\t\t\t<div class=\"clearboth\"><\/div><\/div><\/div><\/div><style type=\"text\/css\">\n                     #mk-accordion-666 .mk-accordion-pane{\n                        background-color: #ffffff;\n                    }\n                    <\/style>\n\t<\/div><\/div><div class=\"wpb_row vc_row-fluid \">\n\t<div class=\"vc_span12 wpb_column column_container\">\n\t\t\t\n\t<\/div><\/div>\n","protected":false},"excerpt":{"rendered":"La Lista Appalti S.r.l con Socio Unico Da oltre 20 anni operiamo con successo nel settore delle infrastrutture stradali. Lavori stradali, gallerie, ponti, acquedotti, fognature, impianti di depurazione, consolidamento terreni [...]","protected":false},"author":1,"featured_media":0,"parent":0,"menu_order":0,"comment_status":"open","ping_status":"closed","template":"","meta":{"ngg_post_thumbnail":0},"_links":{"self":[{"href":"https:\/\/listaappalti.com\/index.php?rest_route=\/wp\/v2\/pages\/2761"}],"collection":[{"href":"https:\/\/listaappalti.com\/index.php?rest_route=\/wp\/v2\/pages"}],"about":[{"href":"https:\/\/listaappalti.com\/index.php?rest_route=\/wp\/v2\/types\/page"}],"author":[{"embeddable":true,"href":"https:\/\/listaappalti.com\/index.php?rest_route=\/wp\/v2\/users\/1"}],"replies":[{"embeddable":true,"href":"https:\/\/listaappalti.com\/index.php?rest_route=%2Fwp%2Fv2%2Fcomments&post=2761"}],"version-history":[{"count":20,"href":"https:\/\/listaappalti.com\/index.php?rest_route=\/wp\/v2\/pages\/2761\/revisions"}],"predecessor-version":[{"id":8020,"href":"https:\/\/listaappalti.com\/index.php?rest_route=\/wp\/v2\/pages\/2761\/revisions\/8020"}],"wp:attachment":[{"href":"https:\/\/listaappalti.com\/index.php?rest_route=%2Fwp%2Fv2%2Fmedia&parent=2761"}],"curies":[{"name":"wp","href":"https:\/\/api.w.org\/{rel}","templated":true}]}}